{"id":7,"date":"2016-07-22T17:55:32","date_gmt":"2016-07-22T17:55:32","guid":{"rendered":"http:\/\/tecnohidraulicanet.com\/wordpress\/?page_id=7"},"modified":"2016-08-03T18:45:52","modified_gmt":"2016-08-03T18:45:52","slug":"nosotros","status":"publish","type":"page","link":"http:\/\/tecnohidraulicanet.com\/wordpress\/nosotros\/","title":{"rendered":"Nosotros"},"content":{"rendered":"<p>Somos una empresa especializada en sistemas de direcci\u00f3n servo asistidas, hidr\u00e1ulicas, electrohidr\u00e1ulicas y el\u00e9ctricas. Atendemos veh\u00edculos livianos, utilitarios o camiones.<\/p>\n<p>Contamos con un moderno taller dise\u00f1ado exclusivamente para la reparaci\u00f3n y cambio de componentes de todos los sistemas hidr\u00e1ulicos automotrices. Somos los \u00fanicos con banco de pruebas computarizado en el pa\u00eds. La calidad de nuestros trabajos, nos permite brindarles a nuestros clientes una garant\u00eda escrita por 18 meses<strong>. <\/strong>\u00a0Personal t\u00e9cnico capacitado y tecnolog\u00eda de \u00faltima generaci\u00f3n, nos posicionan como referentes indiscutidos en nuestra regi\u00f3n.<\/p>\n","protected":false},"excerpt":{"rendered":"<p>Somos una empresa especializada en sistemas de direcci\u00f3n servo asistidas, hidr\u00e1ulicas, electrohidr\u00e1ulicas y el\u00e9ctricas. Atendemos veh\u00edculos livianos, utilitarios o camiones. Contamos con un moderno taller dise\u00f1ado exclusivamente para la reparaci\u00f3n y cambio de componentes de todos los sistemas hidr\u00e1ulicos automotrices. Somos los \u00fanicos con banco de pruebas computarizado en el pa\u00eds. La calidad de nuestros [&hellip;]<\/p>\n","protected":false},"author":1,"featured_media":52,"parent":0,"menu_order":0,"comment_status":"closed","ping_status":"closed","template":"","meta":{"footnotes":""},"class_list":["post-7","page","type-page","status-publish","has-post-thumbnail","hentry"],"_links":{"self":[{"href":"http:\/\/tecnohidraulicanet.com\/wordpress\/wp-json\/wp\/v2\/pages\/7","targetHints":{"allow":["GET"]}}],"collection":[{"href":"http:\/\/tecnohidraulicanet.com\/wordpress\/wp-json\/wp\/v2\/pages"}],"about":[{"href":"http:\/\/tecnohidraulicanet.com\/wordpress\/wp-json\/wp\/v2\/types\/page"}],"author":[{"embeddable":true,"href":"http:\/\/tecnohidraulicanet.com\/wordpress\/wp-json\/wp\/v2\/users\/1"}],"replies":[{"embeddable":true,"href":"http:\/\/tecnohidraulicanet.com\/wordpress\/wp-json\/wp\/v2\/comments?post=7"}],"version-history":[{"count":10,"href":"http:\/\/tecnohidraulicanet.com\/wordpress\/wp-json\/wp\/v2\/pages\/7\/revisions"}],"predecessor-version":[{"id":48,"href":"http:\/\/tecnohidraulicanet.com\/wordpress\/wp-json\/wp\/v2\/pages\/7\/revisions\/48"}],"wp:featuredmedia":[{"embeddable":true,"href":"http:\/\/tecnohidraulicanet.com\/wordpress\/wp-json\/wp\/v2\/media\/52"}],"wp:attachment":[{"href":"http:\/\/tecnohidraulicanet.com\/wordpress\/wp-json\/wp\/v2\/media?parent=7"}],"curies":[{"name":"wp","href":"https:\/\/api.w.org\/{rel}","templated":true}]}}